{"id":68,"date":"2018-06-19T10:44:49","date_gmt":"2018-06-19T10:44:49","guid":{"rendered":"https:\/\/loktisch.com\/index.php\/contact-us\/"},"modified":"2026-03-16T12:55:01","modified_gmt":"2026-03-16T12:55:01","slug":"contact-us","status":"publish","type":"page","link":"https:\/\/loktisch.com\/index.php\/contact-us\/","title":{"rendered":"Contact Us"},"content":{"rendered":"\t\t<div data-elementor-type=\"wp-post\" data-elementor-id=\"68\" class=\"elementor elementor-68\">\n\t\t\t\t\t\t<section class=\"elementor-section elementor-top-section elementor-element elementor-element-b222737 elementor-section-stretched elementor-section-height-min-height elementor-section-boxed elementor-section-height-default elementor-section-items-middle\" data-id=\"b222737\" data-element_type=\"section\" data-e-type=\"section\" data-settings=\"{&quot;stretch_section&quot;:&quot;section-stretched&quot;,&quot;background_background&quot;:&quot;classic&quot;}\">\n\t\t\t\t\t\t<div class=\"elementor-container elementor-column-gap-default\">\n\t\t\t\t\t<div class=\"aux-parallax-section elementor-column elementor-col-100 elementor-top-column elementor-element elementor-element-1f1dcc3 aux-appear-watch-animation aux-fade-in-right\" data-id=\"1f1dcc3\" data-element_type=\"column\" data-e-type=\"column\">\n\t\t\t<div class=\"elementor-widget-wrap elementor-element-populated\">\n\t\t\t\t\t\t<div class=\"elementor-element elementor-element-cba28cc elementor-widget elementor-widget-aux_modern_heading\" data-id=\"cba28cc\" data-element_type=\"widget\" data-e-type=\"widget\" data-widget_type=\"aux_modern_heading.default\">\n\t\t\t\t<div class=\"elementor-widget-container\">\n\t\t\t\t\t<section class=\"aux-widget-modern-heading\">\n            <div class=\"aux-widget-inner\"><h2 class=\"aux-modern-heading-primary\">Kontaktieren Sie uns<\/h2><\/div>\n        <\/section>\t\t\t\t<\/div>\n\t\t\t\t<\/div>\n\t\t\t\t<div class=\"elementor-element elementor-element-80f97ca elementor-widget elementor-widget-aux_breadcrumbs\" data-id=\"80f97ca\" data-element_type=\"widget\" data-e-type=\"widget\" data-widget_type=\"aux_breadcrumbs.default\">\n\t\t\t\t<div class=\"elementor-widget-container\">\n\t\t\t\t\t<div class=\"aux-elementor-breadcrumbs\"><br \/>\n<b>Warning<\/b>:  Array to string conversion in <b>\/home\/tystrona\/domains\/loktisch.com\/public_html\/wp-includes\/formatting.php<\/b> on line <b>1128<\/b><br \/>\n<p class=\"aux-breadcrumbs\"><i aria-hidden=\"true\" class=\"aux-breadcrumb-sep auxicon-home-house-streamline\"><\/i><\/div>\t\t\t\t<\/div>\n\t\t\t\t<\/div>\n\t\t\t\t\t<\/div>\n\t\t<\/div>\n\t\t\t\t\t<\/div>\n\t\t<\/section>\n\t\t\t\t<section class=\"elementor-section elementor-top-section elementor-element elementor-element-2ba81e11 elementor-section-stretched elementor-section-content-middle elementor-section-boxed elementor-section-height-default elementor-section-height-default\" data-id=\"2ba81e11\" data-element_type=\"section\" data-e-type=\"section\" data-settings=\"{&quot;stretch_section&quot;:&quot;section-stretched&quot;,&quot;background_background&quot;:&quot;classic&quot;}\">\n\t\t\t\t\t\t\t<div class=\"elementor-background-overlay\"><\/div>\n\t\t\t\t\t\t\t<div class=\"elementor-container elementor-column-gap-default\">\n\t\t\t\t\t<div class=\"aux-parallax-section elementor-column elementor-col-33 elementor-top-column elementor-element elementor-element-377515cf aux-appear-watch-animation aux-fade-in-up\" data-id=\"377515cf\" data-element_type=\"column\" data-e-type=\"column\">\n\t\t\t<div class=\"elementor-widget-wrap elementor-element-populated\">\n\t\t\t\t\t\t<div class=\"elementor-element elementor-element-178975f3 elementor-widget elementor-widget-aux_modern_heading\" data-id=\"178975f3\" data-element_type=\"widget\" data-e-type=\"widget\" data-widget_type=\"aux_modern_heading.default\">\n\t\t\t\t<div class=\"elementor-widget-container\">\n\t\t\t\t\t<section class=\"aux-widget-modern-heading\">\n            <div class=\"aux-widget-inner\"><h2 class=\"aux-modern-heading-primary\">Kontaktieren Sie uns<\/h2><h3 class=\"aux-modern-heading-secondary\"><span class=\"aux-head-before\">Bestellen Sie noch heute!<\/span><\/h3><div class=\"aux-modern-heading-divider\"><\/div><div class=\"aux-modern-heading-description\"><p>Als einzige in Europa bieten wir eine so einzigartige L\u00f6sung an. Lassen Sie Ihrer Fantasie freien Lauf und kontaktieren Sie uns. Erf\u00fcllen Sie sich Ihre Tr\u00e4ume und bringen Sie ein St\u00fcck der Dampflokwelt in Ihr Leben!<\/p><\/div><\/div>\n        <\/section>\t\t\t\t<\/div>\n\t\t\t\t<\/div>\n\t\t\t\t\t<\/div>\n\t\t<\/div>\n\t\t\t\t<div class=\"aux-parallax-section elementor-column elementor-col-33 elementor-top-column elementor-element elementor-element-5f7d5e2f\" data-id=\"5f7d5e2f\" data-element_type=\"column\" data-e-type=\"column\">\n\t\t\t<div class=\"elementor-widget-wrap\">\n\t\t\t\t\t\t\t<\/div>\n\t\t<\/div>\n\t\t\t\t<div class=\"aux-parallax-section elementor-column elementor-col-33 elementor-top-column elementor-element elementor-element-1c59af4f aux-appear-watch-animation aux-fade-in-up-1\" data-id=\"1c59af4f\" data-element_type=\"column\" data-e-type=\"column\">\n\t\t\t<div class=\"elementor-widget-wrap elementor-element-populated\">\n\t\t\t\t\t\t<div class=\"elementor-element elementor-element-878546a aux-arch-home-info-box elementor-widget__width-initial elementor-widget elementor-widget-text-editor\" data-id=\"878546a\" data-element_type=\"widget\" data-e-type=\"widget\" data-widget_type=\"text-editor.default\">\n\t\t\t\t<div class=\"elementor-widget-container\">\n\t\t\t\t\t\t\t\t\t<div>\n<div><a href=\"tel:+48601382828\">+48 601 382 828<\/a><\/div>\n<div>Loktisch &#8211; Tomasz Zi\u0119bacz<\/div>\n<p><a href=\"mailto:loktisch@loktisch.com\">loktisch@loktisch.com<\/a><br><span class=\"margin\">Cz\u0119stochowa, Polen<br><\/span><br><span class=\"margin\">Montag \u2013 Freitag 9.00 \u2013 20.00<br><\/span><span class=\"margin\">Samstag \u2013 Sonntag 10.00 \u2013 18.00<br><\/span><\/p>\n<\/div>\n<p class=\"western\"><span style=\"font-size: large;\"><b>L O K T I S C H &#8211; Post<\/b><\/span><\/p>\n<p class=\"western\"><span style=\"font-size: large;\">Tomasz Zi\u0119bacz<\/span><\/p>\n<p class=\"western\"><span style=\"font-size: large;\">skr.pocz. 1866<\/span><\/p>\n<p class=\"western\"><span style=\"font-size: large;\">U.P. Cz-wa 15<\/span><\/p>\n<p class=\"western\"><span style=\"font-size: large;\">42-215 Cz\u0119stochowa<\/span><\/p>\t\t\t\t\t\t\t\t<\/div>\n\t\t\t\t<\/div>\n\t\t\t\t\t<\/div>\n\t\t<\/div>\n\t\t\t\t\t<\/div>\n\t\t<\/section>\n\t\t\t\t<\/div>\n\t\t","protected":false},"excerpt":{"rendered":"<p>Kontaktieren Sie uns Kontaktieren Sie uns Bestellen Sie noch heute! Als einzige in Europa bieten wir eine so einzigartige L\u00f6sung an. Lassen Sie Ihrer Fantasie freien Lauf und kontaktieren Sie uns. Erf\u00fcllen Sie sich Ihre Tr\u00e4ume und bringen Sie ein St\u00fcck der Dampflokwelt in Ihr Leben! +48 601 382 828 Loktisch &#8211; Tomasz Zi\u0119bacz loktisch@loktisch.comCz\u0119stochowa, [&hellip;]<\/p>\n","protected":false},"author":1,"featured_media":0,"parent":0,"menu_order":0,"comment_status":"closed","ping_status":"closed","template":"templates\/page-builder-content.php","meta":{"footnotes":""},"class_list":["post-68","page","type-page","status-publish","hentry"],"_links":{"self":[{"href":"https:\/\/loktisch.com\/index.php\/wp-json\/wp\/v2\/pages\/68","targetHints":{"allow":["GET"]}}],"collection":[{"href":"https:\/\/loktisch.com\/index.php\/wp-json\/wp\/v2\/pages"}],"about":[{"href":"https:\/\/loktisch.com\/index.php\/wp-json\/wp\/v2\/types\/page"}],"author":[{"embeddable":true,"href":"https:\/\/loktisch.com\/index.php\/wp-json\/wp\/v2\/users\/1"}],"replies":[{"embeddable":true,"href":"https:\/\/loktisch.com\/index.php\/wp-json\/wp\/v2\/comments?post=68"}],"version-history":[{"count":18,"href":"https:\/\/loktisch.com\/index.php\/wp-json\/wp\/v2\/pages\/68\/revisions"}],"predecessor-version":[{"id":521,"href":"https:\/\/loktisch.com\/index.php\/wp-json\/wp\/v2\/pages\/68\/revisions\/521"}],"wp:attachment":[{"href":"https:\/\/loktisch.com\/index.php\/wp-json\/wp\/v2\/media?parent=68"}],"curies":[{"name":"wp","href":"https:\/\/api.w.org\/{rel}","templated":true}]}}