{"id":67,"date":"2018-06-19T10:45:31","date_gmt":"2018-06-19T10:45:31","guid":{"rendered":"https:\/\/loktisch.com\/index.php\/projects\/"},"modified":"2024-08-27T14:37:03","modified_gmt":"2024-08-27T14:37:03","slug":"projects","status":"publish","type":"page","link":"https:\/\/loktisch.com\/index.php\/projects\/","title":{"rendered":"Projects"},"content":{"rendered":"\t\t<div data-elementor-type=\"wp-post\" data-elementor-id=\"67\" class=\"elementor elementor-67\">\n\t\t\t\t\t\t<section class=\"elementor-section elementor-top-section elementor-element elementor-element-73f19eb elementor-section-stretched elementor-section-height-min-height elementor-section-boxed elementor-section-height-default elementor-section-items-middle\" data-id=\"73f19eb\" data-element_type=\"section\" data-e-type=\"section\" data-settings=\"{&quot;stretch_section&quot;:&quot;section-stretched&quot;,&quot;background_background&quot;:&quot;classic&quot;}\">\n\t\t\t\t\t\t<div class=\"elementor-container elementor-column-gap-default\">\n\t\t\t\t\t<div class=\"aux-parallax-section elementor-column elementor-col-100 elementor-top-column elementor-element elementor-element-2f5d6eb aux-appear-watch-animation aux-fade-in-right\" data-id=\"2f5d6eb\" data-element_type=\"column\" data-e-type=\"column\">\n\t\t\t<div class=\"elementor-widget-wrap elementor-element-populated\">\n\t\t\t\t\t\t<div class=\"elementor-element elementor-element-59a1228 elementor-widget__width-initial elementor-widget elementor-widget-aux_modern_heading\" data-id=\"59a1228\" data-element_type=\"widget\" data-e-type=\"widget\" data-widget_type=\"aux_modern_heading.default\">\n\t\t\t\t<div class=\"elementor-widget-container\">\n\t\t\t\t\t<section class=\"aux-widget-modern-heading\">\n            <div class=\"aux-widget-inner\"><h2 class=\"aux-modern-heading-primary\">Unsere Loktische<\/h2><\/div>\n        <\/section>\t\t\t\t<\/div>\n\t\t\t\t<\/div>\n\t\t\t\t<div class=\"elementor-element elementor-element-0e142af elementor-widget elementor-widget-aux_breadcrumbs\" data-id=\"0e142af\" data-element_type=\"widget\" data-e-type=\"widget\" data-widget_type=\"aux_breadcrumbs.default\">\n\t\t\t\t<div class=\"elementor-widget-container\">\n\t\t\t\t\t<div class=\"aux-elementor-breadcrumbs\"><br \/>\n<b>Warning<\/b>:  Array to string conversion in <b>\/home\/tystrona\/domains\/loktisch.com\/public_html\/wp-includes\/formatting.php<\/b> on line <b>1128<\/b><br \/>\n<p class=\"aux-breadcrumbs\"><i aria-hidden=\"true\" class=\"aux-breadcrumb-sep auxicon-home-house-streamline\"><\/i><\/div>\t\t\t\t<\/div>\n\t\t\t\t<\/div>\n\t\t\t\t\t<\/div>\n\t\t<\/div>\n\t\t\t\t\t<\/div>\n\t\t<\/section>\n\t\t\t\t<section class=\"elementor-section elementor-top-section elementor-element elementor-element-749adada elementor-section-boxed elementor-section-height-default elementor-section-height-default\" data-id=\"749adada\" data-element_type=\"section\" data-e-type=\"section\">\n\t\t\t\t\t\t<div class=\"elementor-container elementor-column-gap-default\">\n\t\t\t\t\t<div class=\"aux-parallax-section elementor-column elementor-col-100 elementor-top-column elementor-element elementor-element-69dbfc3f\" data-id=\"69dbfc3f\" data-element_type=\"column\" data-e-type=\"column\">\n\t\t\t<div class=\"elementor-widget-wrap elementor-element-populated\">\n\t\t\t\t\t\t<section class=\"elementor-section elementor-inner-section elementor-element elementor-element-4b63b8b9 aux-appear-watch-animation aux-fade-in-up elementor-section-boxed elementor-section-height-default elementor-section-height-default\" data-id=\"4b63b8b9\" data-element_type=\"section\" data-e-type=\"section\">\n\t\t\t\t\t\t<div class=\"elementor-container elementor-column-gap-default\">\n\t\t\t\t\t<div class=\"aux-parallax-section elementor-column elementor-col-50 elementor-inner-column elementor-element elementor-element-d3536a\" data-id=\"d3536a\" data-element_type=\"column\" data-e-type=\"column\">\n\t\t\t<div class=\"elementor-widget-wrap elementor-element-populated\">\n\t\t\t\t\t\t<div class=\"elementor-element elementor-element-7c7fbc54 elementor-widget elementor-widget-aux_modern_heading\" data-id=\"7c7fbc54\" data-element_type=\"widget\" data-e-type=\"widget\" data-widget_type=\"aux_modern_heading.default\">\n\t\t\t\t<div class=\"elementor-widget-container\">\n\t\t\t\t\t<section class=\"aux-widget-modern-heading\">\n            <div class=\"aux-widget-inner\"><h2 class=\"aux-modern-heading-primary\">LOKTISCH BESTELLEN<\/h2><h3 class=\"aux-modern-heading-secondary\"><span class=\"aux-head-before\">Lassen Sie uns gemeinsam Ihren Traum-Eisenbahntisch bauen!<\/span><\/h3><div class=\"aux-modern-heading-divider\"><\/div><\/div>\n        <\/section>\t\t\t\t<\/div>\n\t\t\t\t<\/div>\n\t\t\t\t\t<\/div>\n\t\t<\/div>\n\t\t\t\t<div class=\"aux-parallax-section elementor-column elementor-col-50 elementor-inner-column elementor-element elementor-element-2404318c\" data-id=\"2404318c\" data-element_type=\"column\" data-e-type=\"column\">\n\t\t\t<div class=\"elementor-widget-wrap elementor-element-populated\">\n\t\t\t\t\t\t<div class=\"elementor-element elementor-element-7fd7456 elementor-widget elementor-widget-heading\" data-id=\"7fd7456\" data-element_type=\"widget\" data-e-type=\"widget\" data-widget_type=\"heading.default\">\n\t\t\t\t<div class=\"elementor-widget-container\">\n\t\t\t\t\t<h4 class=\"elementor-heading-title elementor-size-default\"><a href=\"mailto:loktisch@loktisch.com\">Schreiben Sie uns, welche Art von Tisch Sie w\u00fcnschen, geben Sie die Farben, die Gr\u00f6\u00dfe und das Material an und wir werden ihn speziell f\u00fcr Sie anfertigen!<\/a><\/h4>\t\t\t\t<\/div>\n\t\t\t\t<\/div>\n\t\t\t\t\t<\/div>\n\t\t<\/div>\n\t\t\t\t\t<\/div>\n\t\t<\/section>\n\t\t\t\t\t<\/div>\n\t\t<\/div>\n\t\t\t\t\t<\/div>\n\t\t<\/section>\n\t\t\t\t<section class=\"elementor-section elementor-top-section elementor-element elementor-element-9646ec5 aux-appear-watch-animation aux-fade-in-up elementor-section-boxed elementor-section-height-default elementor-section-height-default\" data-id=\"9646ec5\" data-element_type=\"section\" data-e-type=\"section\">\n\t\t\t\t\t\t<div class=\"elementor-container elementor-column-gap-default\">\n\t\t\t\t\t<div class=\"aux-parallax-section elementor-column elementor-col-100 elementor-top-column elementor-element elementor-element-81051d2\" data-id=\"81051d2\" data-element_type=\"column\" data-e-type=\"column\">\n\t\t\t<div class=\"elementor-widget-wrap elementor-element-populated\">\n\t\t\t\t\t\t<div class=\"elementor-element elementor-element-3b7b21f aux-arch-home-port elementor-widget elementor-widget-aux_recent_portfolios_grid\" data-id=\"3b7b21f\" data-element_type=\"widget\" data-e-type=\"widget\" data-settings=\"{&quot;columns_tablet&quot;:&quot;2&quot;,&quot;columns&quot;:&quot;3&quot;,&quot;columns_mobile&quot;:&quot;1&quot;}\" data-widget_type=\"aux_recent_portfolios_grid.default\">\n\t\t\t\t<div class=\"elementor-widget-container\">\n\t\t\t\t\t<section class=\"widget-container aux-widget-recent-portfolios aux-parent-au6d23a6df\"><div id=\"69e4d8f0c63a2\" data-element-id=\"au6d23a6df\" class=\"aux-portfolio-columns aux-ajax-view aux-isotope-animated aux-isotope-layout aux-layout-grid aux-no-gutter aux-row aux-match-height aux-de-col3 aux-tb-col2 aux-mb-col1 aux-lightbox-gallery\" data-lazyload=\"true\" data-space=\"30\" data-pagination=\"true\" data-deeplink=\"true\" data-slug=\"\" data-perpage=\"8\" data-layout=\"fitRows\" data-reveal-transition-duration=\"600\" data-reveal-between-delay=\"60\" data-hide-transition-duration=\"600\" data-hide-between-delay=\"30\" data-num=\"\" data-order=\"ASC\" data-orderby=\"date\" data-taxonomy=\"\" data-n=\"4741c49b35\"><div class=\"aux-items-loading aux-loading-hide\"><div class=\"aux-loading-loop\"><svg class=\"aux-circle\" width=\"100%\" height=\"100%\" viewBox=\"0 0 42 42\"><circle class=\"aux-stroke-bg\" r=\"20\" cx=\"21\" cy=\"21\" fill=\"none\"><\/circle><circle class=\"aux-progress\" r=\"20\" cx=\"21\" cy=\"21\" fill=\"none\" transform=\"rotate(-90 21 21)\"><\/circle><\/svg><\/div><\/div><div class=\"aux-iso-item aux-loading aux-col\">                         <article class=\"aux-item-overlay aux-hover-active aux-hover-twoway  post-61 portfolio type-portfolio status-publish has-post-thumbnail hentry portfolio-cat-loktisch portfolio-tag-kaffeetisch portfolio-tag-loktisch portfolio-filter-uncategorized\" >\n                                <div class=\"entry-media aux-frame-boxed-darken aux-frame-zoom \">\n                                    <div class=\"aux-media-frame aux-media-image\"><a href=\"https:\/\/loktisch.com\/index.php\/portfolio\/kaffeetisch\/\"><img fetchpriority=\"high\" width=\"606\" height=\"806\" class=\"aux-attachment aux-featured-image attachment-606.66666666667x806.86666666667 aux-attachment-id-331 \" alt=\"Loktisch - rudy 1x1\" data-ratio=\"0.75\" data-original-w=\"1057\" sizes=\"auto\" data-srcset=\"https:\/\/loktisch.com\/wp-content\/uploads\/2018\/06\/Loktisch-rudy-1x1-1-150x200.jpg 150w,https:\/\/loktisch.com\/wp-content\/uploads\/2018\/06\/Loktisch-rudy-1x1-1-300x399.jpg 300w,https:\/\/loktisch.com\/wp-content\/uploads\/2018\/06\/Loktisch-rudy-1x1-1-768x1021.jpg 768w,https:\/\/loktisch.com\/wp-content\/uploads\/2018\/06\/Loktisch-rudy-1x1-1-1024x1362.jpg 1024w,https:\/\/loktisch.com\/wp-content\/uploads\/2018\/06\/Loktisch-rudy-1x1-1-607x807.jpg 607w,https:\/\/loktisch.com\/wp-content\/uploads\/2018\/06\/Loktisch-rudy-1x1-1-1047x1392.jpg 1047w\" data-src=\"https:\/\/loktisch.com\/wp-content\/uploads\/2018\/06\/Loktisch-rudy-1x1-1-607x807.jpg\" \/><\/a><\/div>                                <\/div>\n\n                                <div class=\"aux-overlay-content\">\n                                                                        <div class=\"aux-portfolio-overlay-buttons\">\n                                        <div class=\"aux-hover-circle-plus aux-delay-2x\">\n                                            <a href=\"https:\/\/loktisch.com\/wp-content\/uploads\/2018\/06\/Loktisch-rudy-1x1-1.jpg\" data-elementor-open-lightbox = \"no\" data-original-width = \"1057\" data-original-height = \"1410\" data-caption = \"Loktisch - rudy 1x1\" class=\"aux-lightbox-btn \" >\n                                                <div class=\"aux-arrow-nav aux-round aux-hover-slide aux-outline aux-semi-small aux-white\">\n                                                    <span class=\"aux-overlay\"><\/span>\n                                                    <span class=\"aux-svg-arrow aux-medium-plus aux-white\"><\/span>\n                                                    <span class=\"aux-hover-arrow aux-svg-arrow aux-medium-plus aux-black\"><\/span>\n                                                <\/div>\n                                            <\/a>\n                                        <\/div>\n                                        <div class=\"aux-arrow-post-link aux-hover-circle-link\">\n                                            <a href=\"https:\/\/loktisch.com\/index.php\/portfolio\/kaffeetisch\/\">\n                                                <div class=\"aux-arrow-nav aux-round aux-hover-slide aux-outline aux-semi-small aux-white\">\n                                                    <span class=\"aux-overlay\"><\/span>\n                                                    <span class=\"aux-svg-arrow aux-medium-right aux-white\"><\/span>\n                                                    <span class=\"aux-hover-arrow aux-svg-arrow aux-medium-right aux-black\"><\/span>\n                                                <\/div>\n                                            <\/a>\n                                        <\/div>\n\n                                    <\/div>\n                                                                                                            <div class=\"entry-main\">\n\n                                                                        <header class=\"entry-header\">\n                                        <h3 class=\"entry-title aux-hover-move-up\">\n                                            <a href=\"https:\/\/loktisch.com\/index.php\/portfolio\/kaffeetisch\/\">\n                                                KAFFEETISCH                                            <\/a>\n                                        <\/h3>\n                                    <\/header>\n                                                                                                            <div class=\"entry-info aux-hover-move-up aux-delay-1x\">\n                                        <span class=\"entry-tax\">\n                                                                                        <a href=\"https:\/\/loktisch.com\/index.php\/portfolio-cat\/loktisch\/\" title=\"View all posts in Loktisch\" rel=\"category\" >Loktisch<\/a>                                        <\/span>\n                                    <\/div>\n                                                                                                            <\/div>\n                                                                <\/div>\n                        <\/article>\n<\/div><div class=\"aux-iso-item aux-loading aux-col\">                         <article class=\"aux-item-overlay aux-hover-active aux-hover-twoway  post-60 portfolio type-portfolio status-publish has-post-thumbnail hentry portfolio-cat-loktisch portfolio-tag-bartisch portfolio-tag-loktisch portfolio-filter-uncategorized\" >\n                                <div class=\"entry-media aux-frame-boxed-darken aux-frame-zoom \">\n                                    <div class=\"aux-media-frame aux-media-image\"><a href=\"https:\/\/loktisch.com\/index.php\/portfolio\/bartisch\/\"><img width=\"606\" height=\"806\" class=\"aux-attachment aux-featured-image attachment-606.66666666667x806.86666666667 aux-attachment-id-146 \" alt=\"Loktisch - 029\" data-ratio=\"0.75\" data-original-w=\"1920\" sizes=\"auto\" data-srcset=\"https:\/\/loktisch.com\/wp-content\/uploads\/2024\/06\/Loktisch-029-150x200.jpg 150w,https:\/\/loktisch.com\/wp-content\/uploads\/2024\/06\/Loktisch-029-300x399.jpg 300w,https:\/\/loktisch.com\/wp-content\/uploads\/2024\/06\/Loktisch-029-768x1021.jpg 768w,https:\/\/loktisch.com\/wp-content\/uploads\/2024\/06\/Loktisch-029-1024x1362.jpg 1024w,https:\/\/loktisch.com\/wp-content\/uploads\/2024\/06\/Loktisch-029-607x807.jpg 607w,https:\/\/loktisch.com\/wp-content\/uploads\/2024\/06\/Loktisch-029-1910x2540.jpg 1910w\" data-src=\"https:\/\/loktisch.com\/wp-content\/uploads\/2024\/06\/Loktisch-029-607x807.jpg\" \/><\/a><\/div>                                <\/div>\n\n                                <div class=\"aux-overlay-content\">\n                                                                        <div class=\"aux-portfolio-overlay-buttons\">\n                                        <div class=\"aux-hover-circle-plus aux-delay-2x\">\n                                            <a href=\"https:\/\/loktisch.com\/wp-content\/uploads\/2024\/06\/Loktisch-029.jpg\" data-elementor-open-lightbox = \"no\" data-original-width = \"1920\" data-original-height = \"1357\" data-caption = \"Loktisch - 029\" class=\"aux-lightbox-btn \" >\n                                                <div class=\"aux-arrow-nav aux-round aux-hover-slide aux-outline aux-semi-small aux-white\">\n                                                    <span class=\"aux-overlay\"><\/span>\n                                                    <span class=\"aux-svg-arrow aux-medium-plus aux-white\"><\/span>\n                                                    <span class=\"aux-hover-arrow aux-svg-arrow aux-medium-plus aux-black\"><\/span>\n                                                <\/div>\n                                            <\/a>\n                                        <\/div>\n                                        <div class=\"aux-arrow-post-link aux-hover-circle-link\">\n                                            <a href=\"https:\/\/loktisch.com\/index.php\/portfolio\/bartisch\/\">\n                                                <div class=\"aux-arrow-nav aux-round aux-hover-slide aux-outline aux-semi-small aux-white\">\n                                                    <span class=\"aux-overlay\"><\/span>\n                                                    <span class=\"aux-svg-arrow aux-medium-right aux-white\"><\/span>\n                                                    <span class=\"aux-hover-arrow aux-svg-arrow aux-medium-right aux-black\"><\/span>\n                                                <\/div>\n                                            <\/a>\n                                        <\/div>\n\n                                    <\/div>\n                                                                                                            <div class=\"entry-main\">\n\n                                                                        <header class=\"entry-header\">\n                                        <h3 class=\"entry-title aux-hover-move-up\">\n                                            <a href=\"https:\/\/loktisch.com\/index.php\/portfolio\/bartisch\/\">\n                                                BARTISCH                                            <\/a>\n                                        <\/h3>\n                                    <\/header>\n                                                                                                            <div class=\"entry-info aux-hover-move-up aux-delay-1x\">\n                                        <span class=\"entry-tax\">\n                                                                                        <a href=\"https:\/\/loktisch.com\/index.php\/portfolio-cat\/loktisch\/\" title=\"View all posts in Loktisch\" rel=\"category\" >Loktisch<\/a>                                        <\/span>\n                                    <\/div>\n                                                                                                            <\/div>\n                                                                <\/div>\n                        <\/article>\n<\/div><div class=\"aux-iso-item aux-loading aux-col\">                         <article class=\"aux-item-overlay aux-hover-active aux-hover-twoway  post-59 portfolio type-portfolio status-publish has-post-thumbnail hentry portfolio-cat-loktisch portfolio-tag-banketttisch portfolio-tag-loktisch portfolio-filter-uncategorized\" >\n                                <div class=\"entry-media aux-frame-boxed-darken aux-frame-zoom \">\n                                    <div class=\"aux-media-frame aux-media-image\"><a href=\"https:\/\/loktisch.com\/index.php\/portfolio\/lighting-design\/\"><img width=\"606\" height=\"806\" class=\"aux-attachment aux-featured-image attachment-606.66666666667x806.86666666667 aux-attachment-id-501 \" alt=\"S.R4\" data-ratio=\"0.75\" data-original-w=\"2560\" sizes=\"auto\" data-srcset=\"https:\/\/loktisch.com\/wp-content\/uploads\/2026\/02\/S.R4-scaled-150x200.jpg 150w,https:\/\/loktisch.com\/wp-content\/uploads\/2026\/02\/S.R4-scaled-300x399.jpg 300w,https:\/\/loktisch.com\/wp-content\/uploads\/2026\/02\/S.R4-scaled-768x1021.jpg 768w,https:\/\/loktisch.com\/wp-content\/uploads\/2026\/02\/S.R4-scaled-1024x1362.jpg 1024w,https:\/\/loktisch.com\/wp-content\/uploads\/2026\/02\/S.R4-scaled-607x807.jpg 607w,https:\/\/loktisch.com\/wp-content\/uploads\/2026\/02\/S.R4-scaled-2550x3391.jpg 2550w\" data-src=\"https:\/\/loktisch.com\/wp-content\/uploads\/2026\/02\/S.R4-scaled-607x807.jpg\" \/><\/a><\/div>                                <\/div>\n\n                                <div class=\"aux-overlay-content\">\n                                                                        <div class=\"aux-portfolio-overlay-buttons\">\n                                        <div class=\"aux-hover-circle-plus aux-delay-2x\">\n                                            <a href=\"https:\/\/loktisch.com\/wp-content\/uploads\/2026\/02\/S.R4-scaled.jpg\" data-elementor-open-lightbox = \"no\" data-original-width = \"2560\" data-original-height = \"1707\" data-caption = \"S.R4\" class=\"aux-lightbox-btn \" >\n                                                <div class=\"aux-arrow-nav aux-round aux-hover-slide aux-outline aux-semi-small aux-white\">\n                                                    <span class=\"aux-overlay\"><\/span>\n                                                    <span class=\"aux-svg-arrow aux-medium-plus aux-white\"><\/span>\n                                                    <span class=\"aux-hover-arrow aux-svg-arrow aux-medium-plus aux-black\"><\/span>\n                                                <\/div>\n                                            <\/a>\n                                        <\/div>\n                                        <div class=\"aux-arrow-post-link aux-hover-circle-link\">\n                                            <a href=\"https:\/\/loktisch.com\/index.php\/portfolio\/lighting-design\/\">\n                                                <div class=\"aux-arrow-nav aux-round aux-hover-slide aux-outline aux-semi-small aux-white\">\n                                                    <span class=\"aux-overlay\"><\/span>\n                                                    <span class=\"aux-svg-arrow aux-medium-right aux-white\"><\/span>\n                                                    <span class=\"aux-hover-arrow aux-svg-arrow aux-medium-right aux-black\"><\/span>\n                                                <\/div>\n                                            <\/a>\n                                        <\/div>\n\n                                    <\/div>\n                                                                                                            <div class=\"entry-main\">\n\n                                                                        <header class=\"entry-header\">\n                                        <h3 class=\"entry-title aux-hover-move-up\">\n                                            <a href=\"https:\/\/loktisch.com\/index.php\/portfolio\/lighting-design\/\">\n                                                BANKETTTISCH                                            <\/a>\n                                        <\/h3>\n                                    <\/header>\n                                                                                                            <div class=\"entry-info aux-hover-move-up aux-delay-1x\">\n                                        <span class=\"entry-tax\">\n                                                                                        <a href=\"https:\/\/loktisch.com\/index.php\/portfolio-cat\/loktisch\/\" title=\"View all posts in Loktisch\" rel=\"category\" >Loktisch<\/a>                                        <\/span>\n                                    <\/div>\n                                                                                                            <\/div>\n                                                                <\/div>\n                        <\/article>\n<\/div><\/div><script type=\"text\/javascript\">var au6d23a6dfAjaxConfig = {\"title\":\"\",\"cat\":[],\"num\":\"\",\"only_posts__in\":\"\",\"include\":\"\",\"exclude\":\"\",\"posts_per_page\":-1,\"offset\":\"\",\"order_by\":\"date\",\"order\":\"ASC\",\"exclude_without_media\":\"yes\",\"display_like\":\"yes\",\"deeplink\":\"no\",\"use_ajax\":\"no\",\"deeplink_slug\":null,\"show_filters\":\"\",\"filter_by\":null,\"filter_style\":null,\"filter_align\":null,\"reveal_transition_duration\":\"600\",\"reveal_between_delay\":\"60\",\"hide_transition_duration\":\"600\",\"hide_between_delay\":\"30\",\"item_style\":\"overlay-lightbox-boxed\",\"tile_style_pattern\":\"default\",\"tiles_item_style\":\"overlay\",\"entry_background_color\":\"\",\"entry_border_color\":\"\",\"paginate\":\"yes\",\"perpage\":\"8\",\"crop\":true,\"display_title\":\"yes\",\"show_info\":\"yes\",\"display_read_more\":false,\"image_aspect_ratio\":\"1.33\",\"space\":\"30\",\"desktop_cnum\":\"3\",\"tablet_cnum\":\"2\",\"phone_cnum\":\"1\",\"layout\":\"grid\",\"tag\":\"\",\"filter\":\"\",\"extra_classes\":\"\",\"extra_column_classes\":\"\",\"custom_el_id\":\"\",\"template_part_file\":\"recent-portfolio\",\"extra_template_path\":\"\\\/home\\\/tystrona\\\/domains\\\/loktisch.com\\\/public_html\\\/wp-content\\\/plugins\\\/auxin-portfolio\\\/public\\\/templates\\\/elements\",\"universal_id\":\"au6d23a6df\",\"query_args\":[],\"term\":\"\",\"reset_query\":true,\"use_wp_query\":false,\"wp_query_args\":[],\"custom_wp_query\":\"\",\"loadmore_type\":null,\"loadmore_label\":null,\"loadmore_per_page\":12,\"term_field\":\"slug\",\"base\":\"aux_recent_portfolios_grid\",\"base_class\":\"aux-widget-recent-portfolios\",\"paged\":\"\",\"override_global_query\":false,\"content\":null,\"skip_wrappers\":false,\"content_width\":2000,\"inview_transition\":\"none\",\"inview_duration\":\"\",\"inview_delay\":\"\",\"inview_repeat\":\"no\",\"inview_offset\":\"\",\"called_from\":\"elementor\"};<\/script><\/section><!-- widget-container -->\t\t\t\t<\/div>\n\t\t\t\t<\/div>\n\t\t\t\t\t<\/div>\n\t\t<\/div>\n\t\t\t\t\t<\/div>\n\t\t<\/section>\n\t\t\t\t<\/div>\n\t\t","protected":false},"excerpt":{"rendered":"<p>Unsere Loktische LOKTISCH BESTELLEN Lassen Sie uns gemeinsam Ihren Traum-Eisenbahntisch bauen! Schreiben Sie uns, welche Art von Tisch Sie w\u00fcnschen, geben Sie die Farben, die Gr\u00f6\u00dfe und das Material an und wir werden ihn speziell f\u00fcr Sie anfertigen! KAFFEETISCH Loktisch BARTISCH Loktisch BANKETTTISCH Loktisch<\/p>\n","protected":false},"author":1,"featured_media":0,"parent":0,"menu_order":0,"comment_status":"closed","ping_status":"closed","template":"templates\/page-builder-content.php","meta":{"footnotes":""},"class_list":["post-67","page","type-page","status-publish","hentry"],"_links":{"self":[{"href":"https:\/\/loktisch.com\/index.php\/wp-json\/wp\/v2\/pages\/67","targetHints":{"allow":["GET"]}}],"collection":[{"href":"https:\/\/loktisch.com\/index.php\/wp-json\/wp\/v2\/pages"}],"about":[{"href":"https:\/\/loktisch.com\/index.php\/wp-json\/wp\/v2\/types\/page"}],"author":[{"embeddable":true,"href":"https:\/\/loktisch.com\/index.php\/wp-json\/wp\/v2\/users\/1"}],"replies":[{"embeddable":true,"href":"https:\/\/loktisch.com\/index.php\/wp-json\/wp\/v2\/comments?post=67"}],"version-history":[{"count":6,"href":"https:\/\/loktisch.com\/index.php\/wp-json\/wp\/v2\/pages\/67\/revisions"}],"predecessor-version":[{"id":393,"href":"https:\/\/loktisch.com\/index.php\/wp-json\/wp\/v2\/pages\/67\/revisions\/393"}],"wp:attachment":[{"href":"https:\/\/loktisch.com\/index.php\/wp-json\/wp\/v2\/media?parent=67"}],"curies":[{"name":"wp","href":"https:\/\/api.w.org\/{rel}","templated":true}]}}